{"id":94,"date":"2022-08-21T19:17:40","date_gmt":"2022-08-21T19:17:40","guid":{"rendered":"http:\/\/manawanani-photography.com\/about\/"},"modified":"2024-01-22T08:35:31","modified_gmt":"2024-01-22T08:35:31","slug":"ueber-mich","status":"publish","type":"page","link":"https:\/\/manawanani-fotografie.de\/en\/ueber-mich\/","title":{"rendered":"About me"},"content":{"rendered":"<div data-elementor-type=\"wp-page\" data-elementor-id=\"94\" class=\"elementor elementor-94\" data-elementor-post-type=\"page\">\n\t\t\t\t\t\t<section class=\"elementor-section elementor-top-section elementor-element elementor-element-6f54828b elementor-section-full_width elementor-section-height-full elementor-section-items-stretch elementor-section-content-middle elementor-section-height-default\" data-id=\"6f54828b\" data-element_type=\"section\" data-e-type=\"section\">\n\t\t\t\t\t\t<div class=\"elementor-container elementor-column-gap-no\">\n\t\t\t\t\t<div class=\"elementor-column elementor-col-50 elementor-top-column elementor-element elementor-element-23e75143 animated-slow elementor-invisible\" data-id=\"23e75143\" data-element_type=\"column\" data-e-type=\"column\" data-settings=\"{&quot;background_background&quot;:&quot;classic&quot;,&quot;animation&quot;:&quot;fadeIn&quot;}\">\n\t\t\t<div class=\"elementor-widget-wrap\">\n\t\t\t\t\t\t\t<\/div>\n\t\t<\/div>\n\t\t\t\t<div class=\"elementor-column elementor-col-50 elementor-top-column elementor-element elementor-element-25463754\" data-id=\"25463754\" data-element_type=\"column\" data-e-type=\"column\">\n\t\t\t<div class=\"elementor-widget-wrap elementor-element-populated\">\n\t\t\t\t\t\t<section class=\"elementor-section elementor-inner-section elementor-element elementor-element-208b2592 elementor-section-full_width elementor-section-height-default elementor-section-height-default\" data-id=\"208b2592\" data-element_type=\"section\" data-e-type=\"section\">\n\t\t\t\t\t\t<div class=\"elementor-container elementor-column-gap-no\">\n\t\t\t\t\t<div class=\"elementor-column elementor-col-100 elementor-inner-column elementor-element elementor-element-37236277\" data-id=\"37236277\" data-element_type=\"column\" data-e-type=\"column\">\n\t\t\t<div class=\"elementor-widget-wrap elementor-element-populated\">\n\t\t\t\t\t\t<div class=\"elementor-element elementor-element-479f9494 animated-slow elementor-invisible elementor-widget elementor-widget-heading\" data-id=\"479f9494\" data-element_type=\"widget\" data-e-type=\"widget\" data-settings=\"{&quot;_animation&quot;:&quot;fadeInLeft&quot;,&quot;_animation_tablet&quot;:&quot;none&quot;}\" data-widget_type=\"heading.default\">\n\t\t\t\t<div class=\"elementor-widget-container\">\n\t\t\t\t\t<h1 class=\"elementor-heading-title elementor-size-default\">Anne<\/h1>\t\t\t\t<\/div>\n\t\t\t\t<\/div>\n\t\t\t\t<div class=\"elementor-element elementor-element-2c34fe84 animated-slow elementor-invisible elementor-widget elementor-widget-heading\" data-id=\"2c34fe84\" data-element_type=\"widget\" data-e-type=\"widget\" data-settings=\"{&quot;_animation&quot;:&quot;fadeInRight&quot;,&quot;_animation_tablet&quot;:&quot;none&quot;}\" data-widget_type=\"heading.default\">\n\t\t\t\t<div class=\"elementor-widget-container\">\n\t\t\t\t\t<h2 class=\"elementor-heading-title elementor-size-default\">Paulus<\/h2>\t\t\t\t<\/div>\n\t\t\t\t<\/div>\n\t\t\t\t<div class=\"elementor-element elementor-element-6da05dc5 elementor-widget elementor-widget-spacer\" data-id=\"6da05dc5\" data-element_type=\"widget\" data-e-type=\"widget\" data-widget_type=\"spacer.default\">\n\t\t\t\t<div class=\"elementor-widget-container\">\n\t\t\t\t\t\t\t<div class=\"elementor-spacer\">\n\t\t\t<div class=\"elementor-spacer-inner\"><\/div>\n\t\t<\/div>\n\t\t\t\t\t\t<\/div>\n\t\t\t\t<\/div>\n\t\t\t\t<div class=\"elementor-element elementor-element-47464c19 animated-slow elementor-invisible elementor-widget elementor-widget-heading\" data-id=\"47464c19\" data-element_type=\"widget\" data-e-type=\"widget\" data-settings=\"{&quot;_animation&quot;:&quot;fadeIn&quot;,&quot;_animation_delay&quot;:&quot;1000&quot;,&quot;_animation_tablet&quot;:&quot;none&quot;}\" data-widget_type=\"heading.default\">\n\t\t\t\t<div class=\"elementor-widget-container\">\n\t\t\t\t\t<h2 class=\"elementor-heading-title elementor-size-default\">Manawanani Photography<\/h2>\t\t\t\t<\/div>\n\t\t\t\t<\/div>\n\t\t\t\t\t<\/div>\n\t\t<\/div>\n\t\t\t\t\t<\/div>\n\t\t<\/section>\n\t\t\t\t\t<\/div>\n\t\t<\/div>\n\t\t\t\t\t<\/div>\n\t\t<\/section>\n\t\t\t\t<section class=\"elementor-section elementor-top-section elementor-element elementor-element-79016069 elementor-section-full_width elementor-reverse-tablet elementor-section-height-default elementor-section-height-default\" data-id=\"79016069\" data-element_type=\"section\" data-e-type=\"section\">\n\t\t\t\t\t\t<div class=\"elementor-container elementor-column-gap-no\">\n\t\t\t\t\t<div class=\"elementor-column elementor-col-50 elementor-top-column elementor-element elementor-element-1cff1056\" data-id=\"1cff1056\" data-element_type=\"column\" data-e-type=\"column\">\n\t\t\t<div class=\"elementor-widget-wrap elementor-element-populated\">\n\t\t\t\t\t\t<div class=\"elementor-element elementor-element-6267b79e elementor-widget__width-initial elementor-widget elementor-widget-text-editor\" data-id=\"6267b79e\" data-element_type=\"widget\" data-e-type=\"widget\" data-widget_type=\"text-editor.default\">\n\t\t\t\t<div class=\"elementor-widget-container\">\n\t\t\t\t\t\t\t\t\t<p>Since my earliest memories, the art of photography has captivated me. The enchantment of capturing genuine emotions and fleeting moments has never let go of my fascination. Over the years, I have continuously expanded and deepened not only my technical expertise but also my artistic skills in photography. Perfect images, to me, arise not just from technical settings, but more so from the unique and complete moments you share with each other.\n\nIn my role as your photographer, I capture your special story with an emotional, authentic, and timeless perspective. Every moment is significant to me, and it is my passion to preserve this uniqueness in pictures.\n\nI enjoy spontaneity and collaborating to bring creative ideas to life. Your wedding is a unique moment in your love story, and I help you immortalize it through my lens. It's not just about creating memories; your love becomes palpable in every image.\n\nMy photography style is modern, with a neutral and timeless color palette that highlights the authenticity of your moments. I love creating intimate images that reflect the connection between you two. I enjoy pushing beyond conventional boundaries, infusing my creative vision into each photo.\n\nWhether your wedding takes place in Germany or at a location abroad, I am happy to accompany you worldwide.\n\nLet's embark on a journey together through your emotions and unforgettable moments.<\/p><p>In meiner Rolle als eure Fotografin erfasse ich eure besondere Geschichte mit einer emotionalen, authentischen und zeitlosen Perspektive.F\u00fcr mich ist jeder Augenblick besonders und es ist meine Passion, diese Einzigartigkeit in Bildern festzuhalten.<\/p><p>Ich bin gerne spontan und setze gerne gemeinsam mit euch kreative Ideen um. Eure Hochzeit ist ein einzigartiger Moment in eurer Liebesgeschichte, und ich helfe euch diese durch meine Linse f\u00fcr die Ewigkeit festzuhalten. Denn es entstehen nicht nur Erinnerungen, sondern eure Liebe wird in jedem Bild sp\u00fcrbar.<\/p><p>Mein Fotografiestil ist modern, mit einer neutralen und zeitlosen Farbpalette, die die Authentizit\u00e4t eurer Momente hervorhebt. Ich kreiere gerne innige Bilder, die die Verbindung zwischen euch beiden widerspiegeln. Dabei gehe ich gerne \u00fcber konventionelle Grenzen hinaus und bringe meine kreative Vision in jedes Foto ein.<\/p><p>Egal, ob eure Hochzeit in Deutschland oder an einem Ort im Ausland stattfindet \u2013 ich begleite euch mit euch gerne weltweit.<\/p><p>Lasst uns gemeinsam eine Reise durch eure Emotionen und unvergesslichen Momente machen.\u00a0<\/p><p>For me it's passion it to catch your emotions and to celebrate your love with you. It\u00b4s always so interesting to get to know you.<\/p>\t\t\t\t\t\t\t\t<\/div>\n\t\t\t\t<\/div>\n\t\t\t\t<div class=\"elementor-element elementor-element-8d2b9ab elementor-widget__width-initial e-transform elementor-widget elementor-widget-image\" data-id=\"8d2b9ab\" data-element_type=\"widget\" data-e-type=\"widget\" data-settings=\"{&quot;_transform_rotateZ_effect&quot;:{&quot;unit&quot;:&quot;px&quot;,&quot;size&quot;:-25,&quot;sizes&quot;:[]},&quot;_transform_rotateZ_effect_tablet&quot;:{&quot;unit&quot;:&quot;deg&quot;,&quot;size&quot;:&quot;&quot;,&quot;sizes&quot;:[]},&quot;_transform_rotateZ_effect_mobile&quot;:{&quot;unit&quot;:&quot;deg&quot;,&quot;size&quot;:&quot;&quot;,&quot;sizes&quot;:[]}}\" data-widget_type=\"image.default\">\n\t\t\t\t<div class=\"elementor-widget-container\">\n\t\t\t\t\t\t\t\t\t\t\t\t\t\t\t<img fetchpriority=\"high\" decoding=\"async\" width=\"799\" height=\"487\" src=\"https:\/\/manawanani-fotografie.de\/wp-content\/uploads\/2022\/12\/AnneUnterschrift.png\" class=\"attachment-large size-large wp-image-2390\" alt=\"\u00dcber mich\" srcset=\"https:\/\/manawanani-fotografie.de\/wp-content\/uploads\/2022\/12\/AnneUnterschrift.png 799w, https:\/\/manawanani-fotografie.de\/wp-content\/uploads\/2022\/12\/AnneUnterschrift-300x183.png 300w, https:\/\/manawanani-fotografie.de\/wp-content\/uploads\/2022\/12\/AnneUnterschrift-768x468.png 768w\" sizes=\"(max-width: 799px) 100vw, 799px\" \/>\t\t\t\t\t\t\t\t\t\t\t\t\t\t\t<\/div>\n\t\t\t\t<\/div>\n\t\t\t\t\t<\/div>\n\t\t<\/div>\n\t\t\t\t<div class=\"elementor-column elementor-col-50 elementor-top-column elementor-element elementor-element-6034c9c\" data-id=\"6034c9c\" data-element_type=\"column\" data-e-type=\"column\">\n\t\t\t<div class=\"elementor-widget-wrap elementor-element-populated\">\n\t\t\t\t\t\t<div class=\"elementor-element elementor-element-f04fdb6 elementor-widget__width-initial elementor-widget elementor-widget-image\" data-id=\"f04fdb6\" data-element_type=\"widget\" data-e-type=\"widget\" data-widget_type=\"image.default\">\n\t\t\t\t<div class=\"elementor-widget-container\">\n\t\t\t\t\t\t\t\t\t\t\t\t\t\t\t<img decoding=\"async\" width=\"800\" height=\"1000\" src=\"https:\/\/manawanani-fotografie.de\/wp-content\/uploads\/2024\/01\/9-819x1024.jpg\" class=\"attachment-large size-large wp-image-3677\" alt=\"Ueber mich\" srcset=\"https:\/\/manawanani-fotografie.de\/wp-content\/uploads\/2024\/01\/9-819x1024.jpg 819w, https:\/\/manawanani-fotografie.de\/wp-content\/uploads\/2024\/01\/9-240x300.jpg 240w, https:\/\/manawanani-fotografie.de\/wp-content\/uploads\/2024\/01\/9-768x960.jpg 768w, https:\/\/manawanani-fotografie.de\/wp-content\/uploads\/2024\/01\/9-10x12.jpg 10w, https:\/\/manawanani-fotografie.de\/wp-content\/uploads\/2024\/01\/9.jpg 1080w\" sizes=\"(max-width: 800px) 100vw, 800px\" \/>\t\t\t\t\t\t\t\t\t\t\t\t\t\t\t<\/div>\n\t\t\t\t<\/div>\n\t\t\t\t\t<\/div>\n\t\t<\/div>\n\t\t\t\t\t<\/div>\n\t\t<\/section>\n\t\t\t\t<section class=\"elementor-section elementor-top-section elementor-element elementor-element-5729749 elementor-section-boxed elementor-section-height-default elementor-section-height-default\" data-id=\"5729749\" data-element_type=\"section\" data-e-type=\"section\">\n\t\t\t\t\t\t<div class=\"elementor-container elementor-column-gap-default\">\n\t\t\t\t\t<div class=\"elementor-column elementor-col-100 elementor-top-column elementor-element elementor-element-3cf07ae\" data-id=\"3cf07ae\" data-element_type=\"column\" data-e-type=\"column\">\n\t\t\t<div class=\"elementor-widget-wrap elementor-element-populated\">\n\t\t\t\t\t\t\t<\/div>\n\t\t<\/div>\n\t\t\t\t\t<\/div>\n\t\t<\/section>\n\t\t\t\t<\/div>","protected":false},"excerpt":{"rendered":"<p>Anne Paulus Manawanani Photography Seit meiner fr\u00fchsten Erinnerung fasziniert mich die Kunst der Fotografie. Der Zauber, echte Emotionen und fl\u00fcchtige Augenblicke einzufangen, hat mich nie losgelassen. \u00dcber die Jahre hinweg habe ich nicht nur mein Fachwissen, sondern auch meine k\u00fcnstlerischen F\u00e4higkeiten in der Fotografie kontinuierlich erweitert und vertieft. F\u00fcr mich entstehen perfekte Bilder nicht nur [&hellip;]<\/p>\n","protected":false},"author":3,"featured_media":0,"parent":0,"menu_order":0,"comment_status":"closed","ping_status":"closed","template":"","meta":{"_monsterinsights_skip_tracking":false,"_monsterinsights_sitenote_active":false,"_monsterinsights_sitenote_note":"","_monsterinsights_sitenote_category":0,"footnotes":""},"class_list":["post-94","page","type-page","status-publish","hentry"],"yoast_head":"<!-- This site is optimized with the Yoast SEO plugin v27.5 - https:\/\/yoast.com\/product\/yoast-seo-wordpress\/ -->\n<title>\u00dcber mich - Manawani Photography<\/title>\n<meta name=\"description\" content=\"Ich bin Anne und seit ich denken kann fotografiere ich. Ich liebe es, Eure Emotionen individuell und echt festzuhalten. Daf\u00fcr schl\u00e4gt mein Herz.\" \/>\n<meta name=\"robots\" content=\"index, follow, max-snippet:-1, max-image-preview:large, max-video-preview:-1\" \/>\n<link rel=\"canonical\" href=\"https:\/\/manawanani-fotografie.de\/en\/ueber-mich\/\" \/>\n<meta property=\"og:locale\" content=\"en_GB\" \/>\n<meta property=\"og:type\" content=\"article\" \/>\n<meta property=\"og:title\" content=\"\u00dcber mich - Manawani Photography\" \/>\n<meta property=\"og:description\" content=\"Ich bin Anne und seit ich denken kann fotografiere ich. Ich liebe es, Eure Emotionen individuell und echt festzuhalten. Daf\u00fcr schl\u00e4gt mein Herz.\" \/>\n<meta property=\"og:url\" content=\"https:\/\/manawanani-fotografie.de\/en\/ueber-mich\/\" \/>\n<meta property=\"og:site_name\" content=\"Manawani Photography\" \/>\n<meta property=\"article:modified_time\" content=\"2024-01-22T08:35:31+00:00\" \/>\n<meta property=\"og:image\" content=\"https:\/\/manawanani-photography.com\/wp-content\/uploads\/2022\/12\/AnneUnterschrift.png\" \/>\n<meta name=\"twitter:card\" content=\"summary_large_image\" \/>\n<meta name=\"twitter:label1\" content=\"Estimated reading time\" \/>\n\t<meta name=\"twitter:data1\" content=\"2 minutes\" \/>\n<script type=\"application\/ld+json\" class=\"yoast-schema-graph\">{\"@context\":\"https:\\\/\\\/schema.org\",\"@graph\":[{\"@type\":\"WebPage\",\"@id\":\"https:\\\/\\\/manawanani-fotografie.de\\\/ueber-mich\\\/\",\"url\":\"https:\\\/\\\/manawanani-fotografie.de\\\/ueber-mich\\\/\",\"name\":\"\u00dcber mich - Manawani Photography\",\"isPartOf\":{\"@id\":\"https:\\\/\\\/manawanani-fotografie.de\\\/#website\"},\"primaryImageOfPage\":{\"@id\":\"https:\\\/\\\/manawanani-fotografie.de\\\/ueber-mich\\\/#primaryimage\"},\"image\":{\"@id\":\"https:\\\/\\\/manawanani-fotografie.de\\\/ueber-mich\\\/#primaryimage\"},\"thumbnailUrl\":\"https:\\\/\\\/manawanani-photography.com\\\/wp-content\\\/uploads\\\/2022\\\/12\\\/AnneUnterschrift.png\",\"datePublished\":\"2022-08-21T19:17:40+00:00\",\"dateModified\":\"2024-01-22T08:35:31+00:00\",\"description\":\"Ich bin Anne und seit ich denken kann fotografiere ich. Ich liebe es, Eure Emotionen individuell und echt festzuhalten. Daf\u00fcr schl\u00e4gt mein Herz.\",\"breadcrumb\":{\"@id\":\"https:\\\/\\\/manawanani-fotografie.de\\\/ueber-mich\\\/#breadcrumb\"},\"inLanguage\":\"en-GB\",\"potentialAction\":[{\"@type\":\"ReadAction\",\"target\":[\"https:\\\/\\\/manawanani-fotografie.de\\\/ueber-mich\\\/\"]}]},{\"@type\":\"ImageObject\",\"inLanguage\":\"en-GB\",\"@id\":\"https:\\\/\\\/manawanani-fotografie.de\\\/ueber-mich\\\/#primaryimage\",\"url\":\"https:\\\/\\\/manawanani-photography.com\\\/wp-content\\\/uploads\\\/2022\\\/12\\\/AnneUnterschrift.png\",\"contentUrl\":\"https:\\\/\\\/manawanani-photography.com\\\/wp-content\\\/uploads\\\/2022\\\/12\\\/AnneUnterschrift.png\"},{\"@type\":\"BreadcrumbList\",\"@id\":\"https:\\\/\\\/manawanani-fotografie.de\\\/ueber-mich\\\/#breadcrumb\",\"itemListElement\":[{\"@type\":\"ListItem\",\"position\":1,\"name\":\"Startseite\",\"item\":\"https:\\\/\\\/manawanani-fotografie.de\\\/\"},{\"@type\":\"ListItem\",\"position\":2,\"name\":\"\u00dcber mich\"}]},{\"@type\":\"WebSite\",\"@id\":\"https:\\\/\\\/manawanani-fotografie.de\\\/#website\",\"url\":\"https:\\\/\\\/manawanani-fotografie.de\\\/\",\"name\":\"Manawani Photography\",\"description\":\"\",\"publisher\":{\"@id\":\"https:\\\/\\\/manawanani-fotografie.de\\\/#organization\"},\"potentialAction\":[{\"@type\":\"SearchAction\",\"target\":{\"@type\":\"EntryPoint\",\"urlTemplate\":\"https:\\\/\\\/manawanani-fotografie.de\\\/?s={search_term_string}\"},\"query-input\":{\"@type\":\"PropertyValueSpecification\",\"valueRequired\":true,\"valueName\":\"search_term_string\"}}],\"inLanguage\":\"en-GB\"},{\"@type\":\"Organization\",\"@id\":\"https:\\\/\\\/manawanani-fotografie.de\\\/#organization\",\"name\":\"Manawani Photography\",\"url\":\"https:\\\/\\\/manawanani-fotografie.de\\\/\",\"logo\":{\"@type\":\"ImageObject\",\"inLanguage\":\"en-GB\",\"@id\":\"https:\\\/\\\/manawanani-fotografie.de\\\/#\\\/schema\\\/logo\\\/image\\\/\",\"url\":\"https:\\\/\\\/manawanani-fotografie.de\\\/wp-content\\\/uploads\\\/2022\\\/10\\\/Manawanani_logo.png\",\"contentUrl\":\"https:\\\/\\\/manawanani-fotografie.de\\\/wp-content\\\/uploads\\\/2022\\\/10\\\/Manawanani_logo.png\",\"width\":2570,\"height\":1117,\"caption\":\"Manawani Photography\"},\"image\":{\"@id\":\"https:\\\/\\\/manawanani-fotografie.de\\\/#\\\/schema\\\/logo\\\/image\\\/\"}}]}<\/script>\n<!-- \/ Yoast SEO plugin. -->","yoast_head_json":{"title":"\u00dcber mich - Manawani Photography","description":"Ich bin Anne und seit ich denken kann fotografiere ich. Ich liebe es, Eure Emotionen individuell und echt festzuhalten. Daf\u00fcr schl\u00e4gt mein Herz.","robots":{"index":"index","follow":"follow","max-snippet":"max-snippet:-1","max-image-preview":"max-image-preview:large","max-video-preview":"max-video-preview:-1"},"canonical":"https:\/\/manawanani-fotografie.de\/en\/ueber-mich\/","og_locale":"en_GB","og_type":"article","og_title":"\u00dcber mich - Manawani Photography","og_description":"Ich bin Anne und seit ich denken kann fotografiere ich. Ich liebe es, Eure Emotionen individuell und echt festzuhalten. Daf\u00fcr schl\u00e4gt mein Herz.","og_url":"https:\/\/manawanani-fotografie.de\/en\/ueber-mich\/","og_site_name":"Manawani Photography","article_modified_time":"2024-01-22T08:35:31+00:00","og_image":[{"url":"https:\/\/manawanani-photography.com\/wp-content\/uploads\/2022\/12\/AnneUnterschrift.png","type":"","width":"","height":""}],"twitter_card":"summary_large_image","twitter_misc":{"Estimated reading time":"2 minutes"},"schema":{"@context":"https:\/\/schema.org","@graph":[{"@type":"WebPage","@id":"https:\/\/manawanani-fotografie.de\/ueber-mich\/","url":"https:\/\/manawanani-fotografie.de\/ueber-mich\/","name":"\u00dcber mich - Manawani Photography","isPartOf":{"@id":"https:\/\/manawanani-fotografie.de\/#website"},"primaryImageOfPage":{"@id":"https:\/\/manawanani-fotografie.de\/ueber-mich\/#primaryimage"},"image":{"@id":"https:\/\/manawanani-fotografie.de\/ueber-mich\/#primaryimage"},"thumbnailUrl":"https:\/\/manawanani-photography.com\/wp-content\/uploads\/2022\/12\/AnneUnterschrift.png","datePublished":"2022-08-21T19:17:40+00:00","dateModified":"2024-01-22T08:35:31+00:00","description":"Ich bin Anne und seit ich denken kann fotografiere ich. Ich liebe es, Eure Emotionen individuell und echt festzuhalten. Daf\u00fcr schl\u00e4gt mein Herz.","breadcrumb":{"@id":"https:\/\/manawanani-fotografie.de\/ueber-mich\/#breadcrumb"},"inLanguage":"en-GB","potentialAction":[{"@type":"ReadAction","target":["https:\/\/manawanani-fotografie.de\/ueber-mich\/"]}]},{"@type":"ImageObject","inLanguage":"en-GB","@id":"https:\/\/manawanani-fotografie.de\/ueber-mich\/#primaryimage","url":"https:\/\/manawanani-photography.com\/wp-content\/uploads\/2022\/12\/AnneUnterschrift.png","contentUrl":"https:\/\/manawanani-photography.com\/wp-content\/uploads\/2022\/12\/AnneUnterschrift.png"},{"@type":"BreadcrumbList","@id":"https:\/\/manawanani-fotografie.de\/ueber-mich\/#breadcrumb","itemListElement":[{"@type":"ListItem","position":1,"name":"Startseite","item":"https:\/\/manawanani-fotografie.de\/"},{"@type":"ListItem","position":2,"name":"\u00dcber mich"}]},{"@type":"WebSite","@id":"https:\/\/manawanani-fotografie.de\/#website","url":"https:\/\/manawanani-fotografie.de\/","name":"Manawani Photography","description":"","publisher":{"@id":"https:\/\/manawanani-fotografie.de\/#organization"},"potentialAction":[{"@type":"SearchAction","target":{"@type":"EntryPoint","urlTemplate":"https:\/\/manawanani-fotografie.de\/?s={search_term_string}"},"query-input":{"@type":"PropertyValueSpecification","valueRequired":true,"valueName":"search_term_string"}}],"inLanguage":"en-GB"},{"@type":"Organization","@id":"https:\/\/manawanani-fotografie.de\/#organization","name":"Manawani Photography","url":"https:\/\/manawanani-fotografie.de\/","logo":{"@type":"ImageObject","inLanguage":"en-GB","@id":"https:\/\/manawanani-fotografie.de\/#\/schema\/logo\/image\/","url":"https:\/\/manawanani-fotografie.de\/wp-content\/uploads\/2022\/10\/Manawanani_logo.png","contentUrl":"https:\/\/manawanani-fotografie.de\/wp-content\/uploads\/2022\/10\/Manawanani_logo.png","width":2570,"height":1117,"caption":"Manawani Photography"},"image":{"@id":"https:\/\/manawanani-fotografie.de\/#\/schema\/logo\/image\/"}}]}},"_links":{"self":[{"href":"https:\/\/manawanani-fotografie.de\/en\/wp-json\/wp\/v2\/pages\/94","targetHints":{"allow":["GET"]}}],"collection":[{"href":"https:\/\/manawanani-fotografie.de\/en\/wp-json\/wp\/v2\/pages"}],"about":[{"href":"https:\/\/manawanani-fotografie.de\/en\/wp-json\/wp\/v2\/types\/page"}],"author":[{"embeddable":true,"href":"https:\/\/manawanani-fotografie.de\/en\/wp-json\/wp\/v2\/users\/3"}],"replies":[{"embeddable":true,"href":"https:\/\/manawanani-fotografie.de\/en\/wp-json\/wp\/v2\/comments?post=94"}],"version-history":[{"count":140,"href":"https:\/\/manawanani-fotografie.de\/en\/wp-json\/wp\/v2\/pages\/94\/revisions"}],"predecessor-version":[{"id":3852,"href":"https:\/\/manawanani-fotografie.de\/en\/wp-json\/wp\/v2\/pages\/94\/revisions\/3852"}],"wp:attachment":[{"href":"https:\/\/manawanani-fotografie.de\/en\/wp-json\/wp\/v2\/media?parent=94"}],"curies":[{"name":"wp","href":"https:\/\/api.w.org\/{rel}","templated":true}]}}